{"id":291,"date":"2024-02-21T16:47:39","date_gmt":"2024-02-21T16:47:39","guid":{"rendered":"https:\/\/setac.tech\/?page_id=291"},"modified":"2024-02-21T17:05:03","modified_gmt":"2024-02-21T17:05:03","slug":"servicios-plantilla-2","status":"publish","type":"page","link":"https:\/\/setac.tech\/?page_id=291","title":{"rendered":"CCTV"},"content":{"rendered":"\t\t<div data-elementor-type=\"wp-page\" data-elementor-id=\"291\" class=\"elementor elementor-291\">\n\t\t\t\t<div class=\"elementor-element elementor-element-70bc862 e-flex e-con-boxed e-con e-parent\" data-id=\"70bc862\" data-element_type=\"container\" data-core-v316-plus=\"true\">\n\t\t\t\t\t<div class=\"e-con-inner\">\n\t\t<div class=\"elementor-element elementor-element-f9b7921 e-con-full e-flex e-con e-child\" data-id=\"f9b7921\" data-element_type=\"container\">\n\t\t\t\t<\/div>\n\t\t<div class=\"elementor-element elementor-element-eaf07ac e-con-full e-flex e-con e-child\" data-id=\"eaf07ac\" data-element_type=\"container\">\n\t\t<div class=\"elementor-element elementor-element-911026b e-con-full e-flex e-con e-child\" data-id=\"911026b\" data-element_type=\"container\">\n\t\t\t\t<div class=\"elementor-element elementor-element-31f9602 elementor-widget elementor-widget-heading\" data-id=\"31f9602\" data-element_type=\"widget\" data-widget_type=\"heading.default\">\n\t\t\t\t<div class=\"elementor-widget-container\">\n\t\t\t<style>\/*! elementor - v3.20.0 - 26-03-2024 *\/\n.elementor-heading-title{padding:0;margin:0;line-height:1}.elementor-widget-heading .elementor-heading-title[class*=elementor-size-]>a{color:inherit;font-size:inherit;line-height:inherit}.elementor-widget-heading .elementor-heading-title.elementor-size-small{font-size:15px}.elementor-widget-heading .elementor-heading-title.elementor-size-medium{font-size:19px}.elementor-widget-heading .elementor-heading-title.elementor-size-large{font-size:29px}.elementor-widget-heading .elementor-heading-title.elementor-size-xl{font-size:39px}.elementor-widget-heading .elementor-heading-title.elementor-size-xxl{font-size:59px}<\/style><h1 class=\"elementor-heading-title elementor-size-default\">CCTV<\/h1>\t\t<\/div>\n\t\t\t\t<\/div>\n\t\t\t\t<div class=\"elementor-element elementor-element-59b351f elementor-widget__width-initial elementor-widget-mobile__width-inherit elementor-widget elementor-widget-text-editor\" data-id=\"59b351f\" data-element_type=\"widget\" data-widget_type=\"text-editor.default\">\n\t\t\t\t<div class=\"elementor-widget-container\">\n\t\t\t<style>\/*! elementor - v3.20.0 - 26-03-2024 *\/\n.elementor-widget-text-editor.elementor-drop-cap-view-stacked .elementor-drop-cap{background-color:#69727d;color:#fff}.elementor-widget-text-editor.elementor-drop-cap-view-framed .elementor-drop-cap{color:#69727d;border:3px solid;background-color:transparent}.elementor-widget-text-editor:not(.elementor-drop-cap-view-default) .elementor-drop-cap{margin-top:8px}.elementor-widget-text-editor:not(.elementor-drop-cap-view-default) .elementor-drop-cap-letter{width:1em;height:1em}.elementor-widget-text-editor .elementor-drop-cap{float:left;text-align:center;line-height:1;font-size:50px}.elementor-widget-text-editor .elementor-drop-cap-letter{display:inline-block}<\/style>\t\t\t\t<p>Proteja lo m\u00e1s importante en cualquier parte del mundo. Con las soluciones de CCTV de Setac, usted podr\u00e1 monitorear su negocio u hogar 24&#215;7. No importa si su proyecto es grande o peque\u00f1o, nosotros tenemos la soluci\u00f3n adecuada.<\/p><p>Explore las soluciones que tenemos para usted:<\/p><ul data-sourcepos=\"9:1-11:13\"><li data-sourcepos=\"9:1-9:73\">Instalaci\u00f3n e ingenier\u00eda de sistemas de CCTV locales o en red.\u00a0<\/li><li data-sourcepos=\"9:1-9:73\">Planes de mantenimiento mensuales, semestrales y anuales para sus equipos.<\/li><li data-sourcepos=\"9:1-9:73\">Venta de c\u00e1maras anal\u00f3gicas e IP de las mejores marcas.\u00a0<\/li><li data-sourcepos=\"9:1-9:73\">Venta de DVR.\u00a0<\/li><li data-sourcepos=\"9:1-9:73\">Venta de NVR.<\/li><li data-sourcepos=\"9:1-9:73\">Planes de monitoreo.\u00a0<\/li><li data-sourcepos=\"9:1-9:73\">Venta e instalaci\u00f3n de software profesional de monitoreo.\u00a0<\/li><li data-sourcepos=\"9:1-9:73\">Licenciamiento de software profesional de monitoreo.<\/li><\/ul>\t\t\t\t\t\t<\/div>\n\t\t\t\t<\/div>\n\t\t\t\t<div class=\"elementor-element elementor-element-37324b7 elementor-widget__width-initial elementor-widget-mobile__width-inherit elementor-widget elementor-widget-text-editor\" data-id=\"37324b7\" data-element_type=\"widget\" data-widget_type=\"text-editor.default\">\n\t\t\t\t<div class=\"elementor-widget-container\">\n\t\t\t\t\t\t\t<p>Cotice sin costo <a href=\"https:\/\/setac.tech\/?page_id=12\">ahora<\/a>.&nbsp;<\/p>\n<p>Nuestro equipo de expertos le atender\u00e1 con gusto en cuesti\u00f3n de minutos.&nbsp;<\/p>\t\t\t\t\t\t<\/div>\n\t\t\t\t<\/div>\n\t\t\t\t<\/div>\n\t\t\t\t<\/div>\n\t\t<div class=\"elementor-element elementor-element-3360f87 e-con-full e-flex e-con e-child\" data-id=\"3360f87\" data-element_type=\"container\" data-settings=\"{&quot;background_background&quot;:&quot;classic&quot;}\">\n\t\t\t\t<div class=\"elementor-element elementor-element-f1cec3f elementor-widget elementor-widget-image\" data-id=\"f1cec3f\" data-element_type=\"widget\" data-widget_type=\"image.default\">\n\t\t\t\t<div class=\"elementor-widget-container\">\n\t\t\t<style>\/*! elementor - v3.20.0 - 26-03-2024 *\/\n.elementor-widget-image{text-align:center}.elementor-widget-image a{display:inline-block}.elementor-widget-image a img[src$=\".svg\"]{width:48px}.elementor-widget-image img{vertical-align:middle;display:inline-block}<\/style>\t\t\t\t\t\t\t\t\t\t<img fetchpriority=\"high\" decoding=\"async\" width=\"382\" height=\"497\" src=\"https:\/\/setac.tech\/wp-content\/uploads\/2024\/02\/Sourdough_Bread2.jpg\" class=\"attachment-full size-full wp-image-20\" alt=\"\" srcset=\"https:\/\/setac.tech\/wp-content\/uploads\/2024\/02\/Sourdough_Bread2.jpg 382w, https:\/\/setac.tech\/wp-content\/uploads\/2024\/02\/Sourdough_Bread2-231x300.jpg 231w\" sizes=\"(max-width: 382px) 100vw, 382px\" \/>\t\t\t\t\t\t\t\t\t\t\t\t\t<\/div>\n\t\t\t\t<\/div>\n\t\t\t\t<div class=\"elementor-element elementor-element-6b04df5 elementor-widget elementor-widget-image\" data-id=\"6b04df5\" data-element_type=\"widget\" data-widget_type=\"image.default\">\n\t\t\t\t<div class=\"elementor-widget-container\">\n\t\t\t\t\t\t\t\t\t\t\t\t\t<img decoding=\"async\" width=\"486\" height=\"667\" src=\"https:\/\/setac.tech\/wp-content\/uploads\/2024\/02\/Sourdough_Bread1.jpg\" class=\"attachment-full size-full wp-image-21\" alt=\"\" srcset=\"https:\/\/setac.tech\/wp-content\/uploads\/2024\/02\/Sourdough_Bread1.jpg 486w, https:\/\/setac.tech\/wp-content\/uploads\/2024\/02\/Sourdough_Bread1-219x300.jpg 219w\" sizes=\"(max-width: 486px) 100vw, 486px\" \/>\t\t\t\t\t\t\t\t\t\t\t\t\t<\/div>\n\t\t\t\t<\/div>\n\t\t\t\t<\/div>\n\t\t\t\t\t<\/div>\n\t\t\t\t<\/div>\n\t\t\t\t<\/div>\n\t\t","protected":false},"excerpt":{"rendered":"<p>CCTV Proteja lo m\u00e1s importante en cualquier parte del mundo. Con las soluciones de CCTV de Setac, usted podr\u00e1 monitorear su negocio u hogar 24&#215;7. No importa si su proyecto es grande o peque\u00f1o, nosotros tenemos la soluci\u00f3n adecuada. Explore las soluciones que tenemos para usted: Instalaci\u00f3n e ingenier\u00eda de sistemas de CCTV locales o [&hellip;]<\/p>\n","protected":false},"author":1,"featured_media":0,"parent":0,"menu_order":0,"comment_status":"closed","ping_status":"closed","template":"elementor_header_footer","meta":{"footnotes":""},"aioseo_notices":[],"_links":{"self":[{"href":"https:\/\/setac.tech\/index.php?rest_route=\/wp\/v2\/pages\/291"}],"collection":[{"href":"https:\/\/setac.tech\/index.php?rest_route=\/wp\/v2\/pages"}],"about":[{"href":"https:\/\/setac.tech\/index.php?rest_route=\/wp\/v2\/types\/page"}],"author":[{"embeddable":true,"href":"https:\/\/setac.tech\/index.php?rest_route=\/wp\/v2\/users\/1"}],"replies":[{"embeddable":true,"href":"https:\/\/setac.tech\/index.php?rest_route=%2Fwp%2Fv2%2Fcomments&post=291"}],"version-history":[{"count":61,"href":"https:\/\/setac.tech\/index.php?rest_route=\/wp\/v2\/pages\/291\/revisions"}],"predecessor-version":[{"id":362,"href":"https:\/\/setac.tech\/index.php?rest_route=\/wp\/v2\/pages\/291\/revisions\/362"}],"wp:attachment":[{"href":"https:\/\/setac.tech\/index.php?rest_route=%2Fwp%2Fv2%2Fmedia&parent=291"}],"curies":[{"name":"wp","href":"https:\/\/api.w.org\/{rel}","templated":true}]}}